{"id":2,"date":"2020-10-06T20:17:12","date_gmt":"2020-10-06T18:17:12","guid":{"rendered":"https:\/\/andabau.de\/wordpress\/?page_id=2"},"modified":"2020-10-06T20:26:02","modified_gmt":"2020-10-06T18:26:02","slug":"beispiel-seite","status":"publish","type":"page","link":"https:\/\/andabau.de\/wordpress\/beispiel-seite\/","title":{"rendered":"Leistungen"},"content":{"rendered":"\n<h2>Unsere Leistungen<\/h2>\n\n\n\n<figure class=\"wp-block-table\"><table><tbody><tr><td>&#8211; Stra\u00dfen- und Tiefbau<\/td><td>&#8211; Gew\u00e4sserrenaturierung<\/td><\/tr><tr><td>&#8211; Abbrucharbeiten<\/td><td>&#8211; Baugruben<\/td><\/tr><tr><td>&#8211; Pflasterarbeiten<\/td><td>&#8211; Kanalhausanschl\u00fcsse<\/td><\/tr><tr><td>&#8211; Stabgitterz\u00e4une<\/td><td>&#8211; Rodungsarbeiten<\/td><\/tr><tr><td>&#8211; Wegebau<\/td><td>&#8211; Mini-Container-Dienst 1m\u00b3 &#8211; 3m\u00b3<\/td><\/tr><tr><td>&nbsp;<\/td><td>&nbsp; und Vieles mehr..<\/td><\/tr><\/tbody><\/table><\/figure>\n","protected":false},"excerpt":{"rendered":"<p>Unsere Leistungen &#8211; Stra\u00dfen- und Tiefbau &#8211; Gew\u00e4sserrenaturierung &#8211; Abbrucharbeiten &#8211; Baugruben &#8211; Pflasterarbeiten &#8211; Kanalhausanschl\u00fcsse &#8211; Stabgitterz\u00e4une &#8211; Rodungsarbeiten &#8211; Wegebau &#8211; Mini-Container-Dienst 1m\u00b3 &#8211; 3m\u00b3 &nbsp; &nbsp; und Vieles mehr..<\/p>\n","protected":false},"author":1,"featured_media":0,"parent":0,"menu_order":0,"comment_status":"closed","ping_status":"open","template":"","meta":[],"_links":{"self":[{"href":"https:\/\/andabau.de\/wordpress\/wp-json\/wp\/v2\/pages\/2"}],"collection":[{"href":"https:\/\/andabau.de\/wordpress\/wp-json\/wp\/v2\/pages"}],"about":[{"href":"https:\/\/andabau.de\/wordpress\/wp-json\/wp\/v2\/types\/page"}],"author":[{"embeddable":true,"href":"https:\/\/andabau.de\/wordpress\/wp-json\/wp\/v2\/users\/1"}],"replies":[{"embeddable":true,"href":"https:\/\/andabau.de\/wordpress\/wp-json\/wp\/v2\/comments?post=2"}],"version-history":[{"count":1,"href":"https:\/\/andabau.de\/wordpress\/wp-json\/wp\/v2\/pages\/2\/revisions"}],"predecessor-version":[{"id":13,"href":"https:\/\/andabau.de\/wordpress\/wp-json\/wp\/v2\/pages\/2\/revisions\/13"}],"wp:attachment":[{"href":"https:\/\/andabau.de\/wordpress\/wp-json\/wp\/v2\/media?parent=2"}],"curies":[{"name":"wp","href":"https:\/\/api.w.org\/{rel}","templated":true}]}}